{"id":955,"date":"2020-12-14T19:15:23","date_gmt":"2020-12-14T19:15:23","guid":{"rendered":"https:\/\/testudearroba.udea.edu.co\/siciudadania2\/?page_id=955"},"modified":"2020-12-14T19:15:24","modified_gmt":"2020-12-14T19:15:24","slug":"conocenos","status":"publish","type":"page","link":"https:\/\/siciudadania.co\/index.php\/conocenos\/","title":{"rendered":"Con\u00f3cenos"},"content":{"rendered":"\n<p class=\"has-medium-font-size\">En esta secci\u00f3n encontrar\u00e1s experiencias, procesos y proyectos de los distintos actores y territorios de la ciudad, relacionados con la participaci\u00f3n.<\/p>\n","protected":false},"excerpt":{"rendered":"<p>En esta secci\u00f3n encontrar\u00e1s experiencias, procesos y proyectos de los distintos actores y territorios de la ciudad, relacionados con la participaci\u00f3n.<\/p>\n","protected":false},"author":1,"featured_media":0,"parent":0,"menu_order":0,"comment_status":"closed","ping_status":"closed","template":"","meta":{"_mc_calendar":[],"footnotes":""},"class_list":["post-955","page","type-page","status-publish","hentry"],"yoast_head":"<!-- This site is optimized with the Yoast SEO plugin v21.5 - https:\/\/yoast.com\/wordpress\/plugins\/seo\/ -->\n<title>Con\u00f3cenos -<\/title>\n<meta name=\"robots\" content=\"index, follow, max-snippet:-1, max-image-preview:large, max-video-preview:-1\" \/>\n<link rel=\"canonical\" href=\"https:\/\/siciudadania.co\/index.php\/conocenos\/\" \/>\n<meta property=\"og:locale\" content=\"es_ES\" \/>\n<meta property=\"og:type\" content=\"article\" \/>\n<meta property=\"og:title\" content=\"Con\u00f3cenos -\" \/>\n<meta property=\"og:description\" content=\"En esta secci\u00f3n encontrar\u00e1s experiencias, procesos y proyectos de los distintos actores y territorios de la ciudad, relacionados con la participaci\u00f3n.\" \/>\n<meta property=\"og:url\" content=\"https:\/\/siciudadania.co\/index.php\/conocenos\/\" \/>\n<meta property=\"article:modified_time\" content=\"2020-12-14T19:15:24+00:00\" \/>\n<meta name=\"twitter:card\" content=\"summary_large_image\" \/>\n<script type=\"application\/ld+json\" class=\"yoast-schema-graph\">{\"@context\":\"https:\/\/schema.org\",\"@graph\":[{\"@type\":\"WebPage\",\"@id\":\"https:\/\/siciudadania.co\/index.php\/conocenos\/\",\"url\":\"https:\/\/siciudadania.co\/index.php\/conocenos\/\",\"name\":\"Con\u00f3cenos -\",\"isPartOf\":{\"@id\":\"https:\/\/siciudadania.co\/#website\"},\"datePublished\":\"2020-12-14T19:15:23+00:00\",\"dateModified\":\"2020-12-14T19:15:24+00:00\",\"breadcrumb\":{\"@id\":\"https:\/\/siciudadania.co\/index.php\/conocenos\/#breadcrumb\"},\"inLanguage\":\"es\",\"potentialAction\":[{\"@type\":\"ReadAction\",\"target\":[\"https:\/\/siciudadania.co\/index.php\/conocenos\/\"]}]},{\"@type\":\"BreadcrumbList\",\"@id\":\"https:\/\/siciudadania.co\/index.php\/conocenos\/#breadcrumb\",\"itemListElement\":[{\"@type\":\"ListItem\",\"position\":1,\"name\":\"Portada\",\"item\":\"https:\/\/siciudadania.co\/\"},{\"@type\":\"ListItem\",\"position\":2,\"name\":\"Con\u00f3cenos\"}]},{\"@type\":\"WebSite\",\"@id\":\"https:\/\/siciudadania.co\/#website\",\"url\":\"https:\/\/siciudadania.co\/\",\"name\":\"\",\"description\":\"\",\"potentialAction\":[{\"@type\":\"SearchAction\",\"target\":{\"@type\":\"EntryPoint\",\"urlTemplate\":\"https:\/\/siciudadania.co\/?s={search_term_string}\"},\"query-input\":\"required name=search_term_string\"}],\"inLanguage\":\"es\"}]}<\/script>\n<!-- \/ Yoast SEO plugin. -->","yoast_head_json":{"title":"Con\u00f3cenos -","robots":{"index":"index","follow":"follow","max-snippet":"max-snippet:-1","max-image-preview":"max-image-preview:large","max-video-preview":"max-video-preview:-1"},"canonical":"https:\/\/siciudadania.co\/index.php\/conocenos\/","og_locale":"es_ES","og_type":"article","og_title":"Con\u00f3cenos -","og_description":"En esta secci\u00f3n encontrar\u00e1s experiencias, procesos y proyectos de los distintos actores y territorios de la ciudad, relacionados con la participaci\u00f3n.","og_url":"https:\/\/siciudadania.co\/index.php\/conocenos\/","article_modified_time":"2020-12-14T19:15:24+00:00","twitter_card":"summary_large_image","schema":{"@context":"https:\/\/schema.org","@graph":[{"@type":"WebPage","@id":"https:\/\/siciudadania.co\/index.php\/conocenos\/","url":"https:\/\/siciudadania.co\/index.php\/conocenos\/","name":"Con\u00f3cenos -","isPartOf":{"@id":"https:\/\/siciudadania.co\/#website"},"datePublished":"2020-12-14T19:15:23+00:00","dateModified":"2020-12-14T19:15:24+00:00","breadcrumb":{"@id":"https:\/\/siciudadania.co\/index.php\/conocenos\/#breadcrumb"},"inLanguage":"es","potentialAction":[{"@type":"ReadAction","target":["https:\/\/siciudadania.co\/index.php\/conocenos\/"]}]},{"@type":"BreadcrumbList","@id":"https:\/\/siciudadania.co\/index.php\/conocenos\/#breadcrumb","itemListElement":[{"@type":"ListItem","position":1,"name":"Portada","item":"https:\/\/siciudadania.co\/"},{"@type":"ListItem","position":2,"name":"Con\u00f3cenos"}]},{"@type":"WebSite","@id":"https:\/\/siciudadania.co\/#website","url":"https:\/\/siciudadania.co\/","name":"","description":"","potentialAction":[{"@type":"SearchAction","target":{"@type":"EntryPoint","urlTemplate":"https:\/\/siciudadania.co\/?s={search_term_string}"},"query-input":"required name=search_term_string"}],"inLanguage":"es"}]}},"_links":{"self":[{"href":"https:\/\/siciudadania.co\/index.php\/wp-json\/wp\/v2\/pages\/955","targetHints":{"allow":["GET"]}}],"collection":[{"href":"https:\/\/siciudadania.co\/index.php\/wp-json\/wp\/v2\/pages"}],"about":[{"href":"https:\/\/siciudadania.co\/index.php\/wp-json\/wp\/v2\/types\/page"}],"author":[{"embeddable":true,"href":"https:\/\/siciudadania.co\/index.php\/wp-json\/wp\/v2\/users\/1"}],"replies":[{"embeddable":true,"href":"https:\/\/siciudadania.co\/index.php\/wp-json\/wp\/v2\/comments?post=955"}],"version-history":[{"count":1,"href":"https:\/\/siciudadania.co\/index.php\/wp-json\/wp\/v2\/pages\/955\/revisions"}],"predecessor-version":[{"id":956,"href":"https:\/\/siciudadania.co\/index.php\/wp-json\/wp\/v2\/pages\/955\/revisions\/956"}],"wp:attachment":[{"href":"https:\/\/siciudadania.co\/index.php\/wp-json\/wp\/v2\/media?parent=955"}],"curies":[{"name":"wp","href":"https:\/\/api.w.org\/{rel}","templated":true}]}}