{"id":2876,"date":"2021-12-14T14:54:59","date_gmt":"2021-12-14T14:54:59","guid":{"rendered":"https:\/\/siciudadania.co\/?page_id=2876"},"modified":"2021-12-14T15:05:52","modified_gmt":"2021-12-14T15:05:52","slug":"alianza-siciudadania","status":"publish","type":"page","link":"https:\/\/siciudadania.co\/index.php\/alianza-siciudadania\/","title":{"rendered":"Alianza S\u00edCiudadan\u00eda"},"content":{"rendered":"\n<p>Somos una alianza p\u00fablico, privada y ciudadana de innovaci\u00f3n social. La Alianza S\u00ed Ciudadan\u00eda es una experiencia de gobernanza que se concreta mediante un acuerdo de voluntades y que tiene como compromiso impulsar acciones conjuntas para potenciar el Sistema de Informaci\u00f3n y Gesti\u00f3n del Conocimiento para la Participaci\u00f3n Ciudadana (SIGC-PC). <\/p>\n\n\n\n<p>La Alianza se promueve desde el Consejo Municipal de Participaci\u00f3n Ciudadana, la Federaci\u00f3n Antioque\u00f1a de ONG, Viva la Ciudadan\u00eda, Conciudadan\u00eda, Universidad de Antioquia y la Secretar\u00eda de Participaci\u00f3n Ciudadana de la Alcald\u00eda de Medell\u00edn. <\/p>\n\n\n\n<p>\ud83d\ude4b\ud83c\udffb\u200d\u2640\ufe0f\ud83d\ude4b\ud83c\udffd\u200d\u2642\ufe0f Somos @siciudadania \u00a1Descubre, imagina y dise\u00f1a con otros la Medell\u00edn que quieres habitar!<\/p>\n\n\n\n<figure class=\"wp-block-embed is-type-video is-provider-youtube wp-block-embed-youtube wp-embed-aspect-16-9 wp-has-aspect-ratio\"><div class=\"wp-block-embed__wrapper\">\n<iframe title=\"Alianza SI Ciudadan\u00eda\" width=\"640\" height=\"360\" src=\"https:\/\/www.youtube.com\/embed\/CrBCwePdljA?start=1&#038;feature=oembed\" frameborder=\"0\" allow=\"accelerometer; autoplay; clipboard-write; encrypted-media; gyroscope; picture-in-picture; web-share\" referrerpolicy=\"strict-origin-when-cross-origin\" allowfullscreen><\/iframe>\n<\/div><\/figure>\n","protected":false},"excerpt":{"rendered":"<p>Somos una alianza p\u00fablico, privada y ciudadana de innovaci\u00f3n social. La Alianza S\u00ed Ciudadan\u00eda es una experiencia de gobernanza que se concreta mediante un acuerdo de voluntades y que tiene como compromiso impulsar acciones conjuntas para potenciar el Sistema de Informaci\u00f3n y Gesti\u00f3n del Conocimiento para la Participaci\u00f3n Ciudadana (SIGC-PC). La Alianza se promueve desde &hellip; <\/p>\n","protected":false},"author":1,"featured_media":0,"parent":0,"menu_order":0,"comment_status":"closed","ping_status":"closed","template":"","meta":{"_mc_calendar":[],"footnotes":""},"class_list":["post-2876","page","type-page","status-publish","hentry"],"yoast_head":"<!-- This site is optimized with the Yoast SEO plugin v21.5 - https:\/\/yoast.com\/wordpress\/plugins\/seo\/ -->\n<title>Alianza S\u00edCiudadan\u00eda -<\/title>\n<meta name=\"robots\" content=\"index, follow, max-snippet:-1, max-image-preview:large, max-video-preview:-1\" \/>\n<link rel=\"canonical\" href=\"https:\/\/siciudadania.co\/index.php\/alianza-siciudadania\/\" \/>\n<meta property=\"og:locale\" content=\"es_ES\" \/>\n<meta property=\"og:type\" content=\"article\" \/>\n<meta property=\"og:title\" content=\"Alianza S\u00edCiudadan\u00eda -\" \/>\n<meta property=\"og:description\" content=\"Somos una alianza p\u00fablico, privada y ciudadana de innovaci\u00f3n social. La Alianza S\u00ed Ciudadan\u00eda es una experiencia de gobernanza que se concreta mediante un acuerdo de voluntades y que tiene como compromiso impulsar acciones conjuntas para potenciar el Sistema de Informaci\u00f3n y Gesti\u00f3n del Conocimiento para la Participaci\u00f3n Ciudadana (SIGC-PC). La Alianza se promueve desde &hellip;\" \/>\n<meta property=\"og:url\" content=\"https:\/\/siciudadania.co\/index.php\/alianza-siciudadania\/\" \/>\n<meta property=\"article:modified_time\" content=\"2021-12-14T15:05:52+00:00\" \/>\n<meta name=\"twitter:card\" content=\"summary_large_image\" \/>\n<meta name=\"twitter:label1\" content=\"Tiempo de lectura\" \/>\n\t<meta name=\"twitter:data1\" content=\"1 minuto\" \/>\n<script type=\"application\/ld+json\" class=\"yoast-schema-graph\">{\"@context\":\"https:\/\/schema.org\",\"@graph\":[{\"@type\":\"WebPage\",\"@id\":\"https:\/\/siciudadania.co\/index.php\/alianza-siciudadania\/\",\"url\":\"https:\/\/siciudadania.co\/index.php\/alianza-siciudadania\/\",\"name\":\"Alianza S\u00edCiudadan\u00eda -\",\"isPartOf\":{\"@id\":\"https:\/\/siciudadania.co\/#website\"},\"datePublished\":\"2021-12-14T14:54:59+00:00\",\"dateModified\":\"2021-12-14T15:05:52+00:00\",\"breadcrumb\":{\"@id\":\"https:\/\/siciudadania.co\/index.php\/alianza-siciudadania\/#breadcrumb\"},\"inLanguage\":\"es\",\"potentialAction\":[{\"@type\":\"ReadAction\",\"target\":[\"https:\/\/siciudadania.co\/index.php\/alianza-siciudadania\/\"]}]},{\"@type\":\"BreadcrumbList\",\"@id\":\"https:\/\/siciudadania.co\/index.php\/alianza-siciudadania\/#breadcrumb\",\"itemListElement\":[{\"@type\":\"ListItem\",\"position\":1,\"name\":\"Portada\",\"item\":\"https:\/\/siciudadania.co\/\"},{\"@type\":\"ListItem\",\"position\":2,\"name\":\"Alianza S\u00edCiudadan\u00eda\"}]},{\"@type\":\"WebSite\",\"@id\":\"https:\/\/siciudadania.co\/#website\",\"url\":\"https:\/\/siciudadania.co\/\",\"name\":\"\",\"description\":\"\",\"potentialAction\":[{\"@type\":\"SearchAction\",\"target\":{\"@type\":\"EntryPoint\",\"urlTemplate\":\"https:\/\/siciudadania.co\/?s={search_term_string}\"},\"query-input\":\"required name=search_term_string\"}],\"inLanguage\":\"es\"}]}<\/script>\n<!-- \/ Yoast SEO plugin. -->","yoast_head_json":{"title":"Alianza S\u00edCiudadan\u00eda -","robots":{"index":"index","follow":"follow","max-snippet":"max-snippet:-1","max-image-preview":"max-image-preview:large","max-video-preview":"max-video-preview:-1"},"canonical":"https:\/\/siciudadania.co\/index.php\/alianza-siciudadania\/","og_locale":"es_ES","og_type":"article","og_title":"Alianza S\u00edCiudadan\u00eda -","og_description":"Somos una alianza p\u00fablico, privada y ciudadana de innovaci\u00f3n social. La Alianza S\u00ed Ciudadan\u00eda es una experiencia de gobernanza que se concreta mediante un acuerdo de voluntades y que tiene como compromiso impulsar acciones conjuntas para potenciar el Sistema de Informaci\u00f3n y Gesti\u00f3n del Conocimiento para la Participaci\u00f3n Ciudadana (SIGC-PC). La Alianza se promueve desde &hellip;","og_url":"https:\/\/siciudadania.co\/index.php\/alianza-siciudadania\/","article_modified_time":"2021-12-14T15:05:52+00:00","twitter_card":"summary_large_image","twitter_misc":{"Tiempo de lectura":"1 minuto"},"schema":{"@context":"https:\/\/schema.org","@graph":[{"@type":"WebPage","@id":"https:\/\/siciudadania.co\/index.php\/alianza-siciudadania\/","url":"https:\/\/siciudadania.co\/index.php\/alianza-siciudadania\/","name":"Alianza S\u00edCiudadan\u00eda -","isPartOf":{"@id":"https:\/\/siciudadania.co\/#website"},"datePublished":"2021-12-14T14:54:59+00:00","dateModified":"2021-12-14T15:05:52+00:00","breadcrumb":{"@id":"https:\/\/siciudadania.co\/index.php\/alianza-siciudadania\/#breadcrumb"},"inLanguage":"es","potentialAction":[{"@type":"ReadAction","target":["https:\/\/siciudadania.co\/index.php\/alianza-siciudadania\/"]}]},{"@type":"BreadcrumbList","@id":"https:\/\/siciudadania.co\/index.php\/alianza-siciudadania\/#breadcrumb","itemListElement":[{"@type":"ListItem","position":1,"name":"Portada","item":"https:\/\/siciudadania.co\/"},{"@type":"ListItem","position":2,"name":"Alianza S\u00edCiudadan\u00eda"}]},{"@type":"WebSite","@id":"https:\/\/siciudadania.co\/#website","url":"https:\/\/siciudadania.co\/","name":"","description":"","potentialAction":[{"@type":"SearchAction","target":{"@type":"EntryPoint","urlTemplate":"https:\/\/siciudadania.co\/?s={search_term_string}"},"query-input":"required name=search_term_string"}],"inLanguage":"es"}]}},"_links":{"self":[{"href":"https:\/\/siciudadania.co\/index.php\/wp-json\/wp\/v2\/pages\/2876","targetHints":{"allow":["GET"]}}],"collection":[{"href":"https:\/\/siciudadania.co\/index.php\/wp-json\/wp\/v2\/pages"}],"about":[{"href":"https:\/\/siciudadania.co\/index.php\/wp-json\/wp\/v2\/types\/page"}],"author":[{"embeddable":true,"href":"https:\/\/siciudadania.co\/index.php\/wp-json\/wp\/v2\/users\/1"}],"replies":[{"embeddable":true,"href":"https:\/\/siciudadania.co\/index.php\/wp-json\/wp\/v2\/comments?post=2876"}],"version-history":[{"count":2,"href":"https:\/\/siciudadania.co\/index.php\/wp-json\/wp\/v2\/pages\/2876\/revisions"}],"predecessor-version":[{"id":2880,"href":"https:\/\/siciudadania.co\/index.php\/wp-json\/wp\/v2\/pages\/2876\/revisions\/2880"}],"wp:attachment":[{"href":"https:\/\/siciudadania.co\/index.php\/wp-json\/wp\/v2\/media?parent=2876"}],"curies":[{"name":"wp","href":"https:\/\/api.w.org\/{rel}","templated":true}]}}