{"id":2647,"date":"2021-12-06T20:33:42","date_gmt":"2021-12-06T20:33:42","guid":{"rendered":"https:\/\/siciudadania.co\/?page_id=2647"},"modified":"2024-01-23T18:34:44","modified_gmt":"2024-01-23T18:34:44","slug":"lab-innovacion-social","status":"publish","type":"page","link":"https:\/\/siciudadania.co\/index.php\/lab-innovacion-social\/","title":{"rendered":"Lab Innovaci\u00f3n social"},"content":{"rendered":"\t\t<div data-elementor-type=\"wp-page\" data-elementor-id=\"2647\" class=\"elementor elementor-2647\">\n\t\t\t\t\t\t\t\t\t<section class=\"elementor-section elementor-top-section elementor-element elementor-element-6038651 elementor-section-boxed elementor-section-height-default elementor-section-height-default\" data-id=\"6038651\" data-element_type=\"section\">\n\t\t\t\t\t\t<div class=\"elementor-container elementor-column-gap-default\">\n\t\t\t\t\t<div class=\"elementor-column elementor-col-100 elementor-top-column elementor-element elementor-element-b49fa54\" data-id=\"b49fa54\" data-element_type=\"column\">\n\t\t\t<div class=\"elementor-widget-wrap elementor-element-populated\">\n\t\t\t\t\t\t\t\t<div class=\"elementor-element elementor-element-b14fff9 elementor-widget elementor-widget-text-editor\" data-id=\"b14fff9\" data-element_type=\"widget\" data-widget_type=\"text-editor.default\">\n\t\t\t\t<div class=\"elementor-widget-container\">\n\t\t\t\t\t\t\tEn los <strong>Laboratorios Ciudadanos 2021<\/strong> sobre <strong>Innovaci\u00f3n Social Participativa<\/strong> nos preguntamos acerca de los retos que tenemos en nuestra Medell\u00edn. Y t\u00fa&#8230; \u00bfQu\u00e9 har\u00edas? fue la pregunta que nos planteamos para reconocer las diferentes perspectivas y voces.\n\nTambi\u00e9n ideamos propuestas de soluci\u00f3n a los diferentes retos con la participaci\u00f3n de los Grupos de Trabajo en las comunas y corregimientos de Medell\u00edn. Y t\u00fa, \u00bfqu\u00e9 opinas de estas propuestas? D\u00e9janos tus comentarios \ud83d\ude42\n<p style=\"padding: 0; margin: 0;\"><iframe style=\"width: 100%; height: 608px; display: block; padding: 0; margin: 0;\" src=\"https:\/\/padlet.com\/embed\/esgv1jyw0qn3t9t3\" frameborder=\"0\"><\/iframe><\/p>\n<a style=\"padding: 0;\" href=\"https:\/\/padlet.com?ref=embed\"><iframe style=\"width: 100%; height: 608px; display: block; padding: 0; margin: 0;\" src=\"https:\/\/padlet.com\/embed\/200mg7lsbjvimhjd\" frameborder=\"0\"><\/iframe><\/a>\n\n<a style=\"padding: 0; margin: 0; border: none; display: block; line-height: 1; height: 16px;\" href=\"https:\/\/padlet.com?ref=embed\" target=\"_blank\" rel=\"noopener\"><img decoding=\"async\" style=\"padding: 0; margin: 0; background: none; border: none; display: inline; box-shadow: none;\" src=\"https:\/\/padlet.net\/embeds\/made_with_padlet.png\" alt=\"Hecho con Padlet\" width=\"86\" height=\"16\" \/><\/a>\t\t\t\t\t\t<\/div>\n\t\t\t\t<\/div>\n\t\t\t\t\t<\/div>\n\t\t<\/div>\n\t\t\t\t\t\t\t<\/div>\n\t\t<\/section>\n\t\t\t\t\t\t\t<\/div>\n\t\t","protected":false},"excerpt":{"rendered":"<p>En los Laboratorios Ciudadanos 2021 sobre Innovaci\u00f3n Social Participativa nos preguntamos acerca de los retos que tenemos en nuestra Medell\u00edn. Y t\u00fa&#8230; \u00bfQu\u00e9 har\u00edas? fue la pregunta que nos planteamos para reconocer las diferentes perspectivas y voces. Tambi\u00e9n ideamos propuestas de soluci\u00f3n a los diferentes retos con la participaci\u00f3n de los Grupos de Trabajo en &hellip; <\/p>\n","protected":false},"author":1,"featured_media":0,"parent":0,"menu_order":0,"comment_status":"closed","ping_status":"closed","template":"","meta":{"_mc_calendar":[],"footnotes":""},"class_list":["post-2647","page","type-page","status-publish","hentry"],"yoast_head":"<!-- This site is optimized with the Yoast SEO plugin v21.5 - https:\/\/yoast.com\/wordpress\/plugins\/seo\/ -->\n<title>Lab Innovaci\u00f3n social -<\/title>\n<meta name=\"robots\" content=\"index, follow, max-snippet:-1, max-image-preview:large, max-video-preview:-1\" \/>\n<link rel=\"canonical\" href=\"https:\/\/siciudadania.co\/index.php\/lab-innovacion-social\/\" \/>\n<meta property=\"og:locale\" content=\"es_ES\" \/>\n<meta property=\"og:type\" content=\"article\" \/>\n<meta property=\"og:title\" content=\"Lab Innovaci\u00f3n social -\" \/>\n<meta property=\"og:description\" content=\"En los Laboratorios Ciudadanos 2021 sobre Innovaci\u00f3n Social Participativa nos preguntamos acerca de los retos que tenemos en nuestra Medell\u00edn. Y t\u00fa&#8230; \u00bfQu\u00e9 har\u00edas? fue la pregunta que nos planteamos para reconocer las diferentes perspectivas y voces. Tambi\u00e9n ideamos propuestas de soluci\u00f3n a los diferentes retos con la participaci\u00f3n de los Grupos de Trabajo en &hellip;\" \/>\n<meta property=\"og:url\" content=\"https:\/\/siciudadania.co\/index.php\/lab-innovacion-social\/\" \/>\n<meta property=\"article:modified_time\" content=\"2024-01-23T18:34:44+00:00\" \/>\n<meta property=\"og:image\" content=\"https:\/\/padlet.net\/embeds\/made_with_padlet.png\" \/>\n<meta name=\"twitter:card\" content=\"summary_large_image\" \/>\n<meta name=\"twitter:label1\" content=\"Tiempo de lectura\" \/>\n\t<meta name=\"twitter:data1\" content=\"1 minuto\" \/>\n<script type=\"application\/ld+json\" class=\"yoast-schema-graph\">{\"@context\":\"https:\/\/schema.org\",\"@graph\":[{\"@type\":\"WebPage\",\"@id\":\"https:\/\/siciudadania.co\/index.php\/lab-innovacion-social\/\",\"url\":\"https:\/\/siciudadania.co\/index.php\/lab-innovacion-social\/\",\"name\":\"Lab Innovaci\u00f3n social -\",\"isPartOf\":{\"@id\":\"https:\/\/siciudadania.co\/#website\"},\"datePublished\":\"2021-12-06T20:33:42+00:00\",\"dateModified\":\"2024-01-23T18:34:44+00:00\",\"breadcrumb\":{\"@id\":\"https:\/\/siciudadania.co\/index.php\/lab-innovacion-social\/#breadcrumb\"},\"inLanguage\":\"es\",\"potentialAction\":[{\"@type\":\"ReadAction\",\"target\":[\"https:\/\/siciudadania.co\/index.php\/lab-innovacion-social\/\"]}]},{\"@type\":\"BreadcrumbList\",\"@id\":\"https:\/\/siciudadania.co\/index.php\/lab-innovacion-social\/#breadcrumb\",\"itemListElement\":[{\"@type\":\"ListItem\",\"position\":1,\"name\":\"Portada\",\"item\":\"https:\/\/siciudadania.co\/\"},{\"@type\":\"ListItem\",\"position\":2,\"name\":\"Lab Innovaci\u00f3n social\"}]},{\"@type\":\"WebSite\",\"@id\":\"https:\/\/siciudadania.co\/#website\",\"url\":\"https:\/\/siciudadania.co\/\",\"name\":\"\",\"description\":\"\",\"potentialAction\":[{\"@type\":\"SearchAction\",\"target\":{\"@type\":\"EntryPoint\",\"urlTemplate\":\"https:\/\/siciudadania.co\/?s={search_term_string}\"},\"query-input\":\"required name=search_term_string\"}],\"inLanguage\":\"es\"}]}<\/script>\n<!-- \/ Yoast SEO plugin. -->","yoast_head_json":{"title":"Lab Innovaci\u00f3n social -","robots":{"index":"index","follow":"follow","max-snippet":"max-snippet:-1","max-image-preview":"max-image-preview:large","max-video-preview":"max-video-preview:-1"},"canonical":"https:\/\/siciudadania.co\/index.php\/lab-innovacion-social\/","og_locale":"es_ES","og_type":"article","og_title":"Lab Innovaci\u00f3n social -","og_description":"En los Laboratorios Ciudadanos 2021 sobre Innovaci\u00f3n Social Participativa nos preguntamos acerca de los retos que tenemos en nuestra Medell\u00edn. Y t\u00fa&#8230; \u00bfQu\u00e9 har\u00edas? fue la pregunta que nos planteamos para reconocer las diferentes perspectivas y voces. Tambi\u00e9n ideamos propuestas de soluci\u00f3n a los diferentes retos con la participaci\u00f3n de los Grupos de Trabajo en &hellip;","og_url":"https:\/\/siciudadania.co\/index.php\/lab-innovacion-social\/","article_modified_time":"2024-01-23T18:34:44+00:00","og_image":[{"url":"https:\/\/padlet.net\/embeds\/made_with_padlet.png"}],"twitter_card":"summary_large_image","twitter_misc":{"Tiempo de lectura":"1 minuto"},"schema":{"@context":"https:\/\/schema.org","@graph":[{"@type":"WebPage","@id":"https:\/\/siciudadania.co\/index.php\/lab-innovacion-social\/","url":"https:\/\/siciudadania.co\/index.php\/lab-innovacion-social\/","name":"Lab Innovaci\u00f3n social -","isPartOf":{"@id":"https:\/\/siciudadania.co\/#website"},"datePublished":"2021-12-06T20:33:42+00:00","dateModified":"2024-01-23T18:34:44+00:00","breadcrumb":{"@id":"https:\/\/siciudadania.co\/index.php\/lab-innovacion-social\/#breadcrumb"},"inLanguage":"es","potentialAction":[{"@type":"ReadAction","target":["https:\/\/siciudadania.co\/index.php\/lab-innovacion-social\/"]}]},{"@type":"BreadcrumbList","@id":"https:\/\/siciudadania.co\/index.php\/lab-innovacion-social\/#breadcrumb","itemListElement":[{"@type":"ListItem","position":1,"name":"Portada","item":"https:\/\/siciudadania.co\/"},{"@type":"ListItem","position":2,"name":"Lab Innovaci\u00f3n social"}]},{"@type":"WebSite","@id":"https:\/\/siciudadania.co\/#website","url":"https:\/\/siciudadania.co\/","name":"","description":"","potentialAction":[{"@type":"SearchAction","target":{"@type":"EntryPoint","urlTemplate":"https:\/\/siciudadania.co\/?s={search_term_string}"},"query-input":"required name=search_term_string"}],"inLanguage":"es"}]}},"_links":{"self":[{"href":"https:\/\/siciudadania.co\/index.php\/wp-json\/wp\/v2\/pages\/2647","targetHints":{"allow":["GET"]}}],"collection":[{"href":"https:\/\/siciudadania.co\/index.php\/wp-json\/wp\/v2\/pages"}],"about":[{"href":"https:\/\/siciudadania.co\/index.php\/wp-json\/wp\/v2\/types\/page"}],"author":[{"embeddable":true,"href":"https:\/\/siciudadania.co\/index.php\/wp-json\/wp\/v2\/users\/1"}],"replies":[{"embeddable":true,"href":"https:\/\/siciudadania.co\/index.php\/wp-json\/wp\/v2\/comments?post=2647"}],"version-history":[{"count":8,"href":"https:\/\/siciudadania.co\/index.php\/wp-json\/wp\/v2\/pages\/2647\/revisions"}],"predecessor-version":[{"id":5629,"href":"https:\/\/siciudadania.co\/index.php\/wp-json\/wp\/v2\/pages\/2647\/revisions\/5629"}],"wp:attachment":[{"href":"https:\/\/siciudadania.co\/index.php\/wp-json\/wp\/v2\/media?parent=2647"}],"curies":[{"name":"wp","href":"https:\/\/api.w.org\/{rel}","templated":true}]}}