{"id":2644,"date":"2021-12-06T20:27:22","date_gmt":"2021-12-06T20:27:22","guid":{"rendered":"https:\/\/siciudadania.co\/?page_id=2644"},"modified":"2021-12-07T01:57:27","modified_gmt":"2021-12-07T01:57:27","slug":"participacion-digital","status":"publish","type":"page","link":"https:\/\/siciudadania.co\/index.php\/participacion-digital\/","title":{"rendered":"Participaci\u00f3n digital"},"content":{"rendered":"\n<p>Los Laboratorios Ciudadanos sobre participaci\u00f3n digital 2021 son espacios para la co- creaci\u00f3n, reflexi\u00f3n e investigaci\u00f3n de un estudio de caso acerca de las pr\u00e1cticas digitales que se vienen desarrollando en las comunas y corregimientos de Medell\u00edn por parte de los diferentes actores, colectivos y grupos comunitarios.<\/p>\n\n\n\n<div class=\"wp-block-image\"><figure class=\"aligncenter size-large\"><img fetchpriority=\"high\" decoding=\"async\" width=\"600\" height=\"600\" src=\"https:\/\/siciudadania.co\/wp-content\/uploads\/2021\/09\/1Laboratorios-ciudadanos.png\" alt=\"Laboratorios ciudadanos Medellin\" class=\"wp-image-2352\" srcset=\"https:\/\/siciudadania.co\/wp-content\/uploads\/2021\/09\/1Laboratorios-ciudadanos.png 600w, https:\/\/siciudadania.co\/wp-content\/uploads\/2021\/09\/1Laboratorios-ciudadanos-300x300.png 300w, https:\/\/siciudadania.co\/wp-content\/uploads\/2021\/09\/1Laboratorios-ciudadanos-150x150.png 150w, https:\/\/siciudadania.co\/wp-content\/uploads\/2021\/09\/1Laboratorios-ciudadanos-470x470.png 470w\" sizes=\"(max-width: 600px) 100vw, 600px\" \/><\/figure><\/div>\n","protected":false},"excerpt":{"rendered":"<p>Los Laboratorios Ciudadanos sobre participaci\u00f3n digital 2021 son espacios para la co- creaci\u00f3n, reflexi\u00f3n e investigaci\u00f3n de un estudio de caso acerca de las pr\u00e1cticas digitales que se vienen desarrollando en las comunas y corregimientos de Medell\u00edn por parte de los diferentes actores, colectivos y grupos comunitarios.<\/p>\n","protected":false},"author":1,"featured_media":0,"parent":0,"menu_order":0,"comment_status":"closed","ping_status":"closed","template":"","meta":{"_mc_calendar":[],"footnotes":""},"class_list":["post-2644","page","type-page","status-publish","hentry"],"yoast_head":"<!-- This site is optimized with the Yoast SEO plugin v21.5 - https:\/\/yoast.com\/wordpress\/plugins\/seo\/ -->\n<title>Participaci\u00f3n digital -<\/title>\n<meta name=\"robots\" content=\"index, follow, max-snippet:-1, max-image-preview:large, max-video-preview:-1\" \/>\n<link rel=\"canonical\" href=\"https:\/\/siciudadania.co\/index.php\/participacion-digital\/\" \/>\n<meta property=\"og:locale\" content=\"es_ES\" \/>\n<meta property=\"og:type\" content=\"article\" \/>\n<meta property=\"og:title\" content=\"Participaci\u00f3n digital -\" \/>\n<meta property=\"og:description\" content=\"Los Laboratorios Ciudadanos sobre participaci\u00f3n digital 2021 son espacios para la co- creaci\u00f3n, reflexi\u00f3n e investigaci\u00f3n de un estudio de caso acerca de las pr\u00e1cticas digitales que se vienen desarrollando en las comunas y corregimientos de Medell\u00edn por parte de los diferentes actores, colectivos y grupos comunitarios.\" \/>\n<meta property=\"og:url\" content=\"https:\/\/siciudadania.co\/index.php\/participacion-digital\/\" \/>\n<meta property=\"article:modified_time\" content=\"2021-12-07T01:57:27+00:00\" \/>\n<meta property=\"og:image\" content=\"https:\/\/siciudadania.co\/wp-content\/uploads\/2021\/09\/1Laboratorios-ciudadanos.png\" \/>\n<meta name=\"twitter:card\" content=\"summary_large_image\" \/>\n<meta name=\"twitter:label1\" content=\"Tiempo de lectura\" \/>\n\t<meta name=\"twitter:data1\" content=\"1 minuto\" \/>\n<script type=\"application\/ld+json\" class=\"yoast-schema-graph\">{\"@context\":\"https:\/\/schema.org\",\"@graph\":[{\"@type\":\"WebPage\",\"@id\":\"https:\/\/siciudadania.co\/index.php\/participacion-digital\/\",\"url\":\"https:\/\/siciudadania.co\/index.php\/participacion-digital\/\",\"name\":\"Participaci\u00f3n digital -\",\"isPartOf\":{\"@id\":\"https:\/\/siciudadania.co\/#website\"},\"datePublished\":\"2021-12-06T20:27:22+00:00\",\"dateModified\":\"2021-12-07T01:57:27+00:00\",\"breadcrumb\":{\"@id\":\"https:\/\/siciudadania.co\/index.php\/participacion-digital\/#breadcrumb\"},\"inLanguage\":\"es\",\"potentialAction\":[{\"@type\":\"ReadAction\",\"target\":[\"https:\/\/siciudadania.co\/index.php\/participacion-digital\/\"]}]},{\"@type\":\"BreadcrumbList\",\"@id\":\"https:\/\/siciudadania.co\/index.php\/participacion-digital\/#breadcrumb\",\"itemListElement\":[{\"@type\":\"ListItem\",\"position\":1,\"name\":\"Portada\",\"item\":\"https:\/\/siciudadania.co\/\"},{\"@type\":\"ListItem\",\"position\":2,\"name\":\"Participaci\u00f3n digital\"}]},{\"@type\":\"WebSite\",\"@id\":\"https:\/\/siciudadania.co\/#website\",\"url\":\"https:\/\/siciudadania.co\/\",\"name\":\"\",\"description\":\"\",\"potentialAction\":[{\"@type\":\"SearchAction\",\"target\":{\"@type\":\"EntryPoint\",\"urlTemplate\":\"https:\/\/siciudadania.co\/?s={search_term_string}\"},\"query-input\":\"required name=search_term_string\"}],\"inLanguage\":\"es\"}]}<\/script>\n<!-- \/ Yoast SEO plugin. -->","yoast_head_json":{"title":"Participaci\u00f3n digital -","robots":{"index":"index","follow":"follow","max-snippet":"max-snippet:-1","max-image-preview":"max-image-preview:large","max-video-preview":"max-video-preview:-1"},"canonical":"https:\/\/siciudadania.co\/index.php\/participacion-digital\/","og_locale":"es_ES","og_type":"article","og_title":"Participaci\u00f3n digital -","og_description":"Los Laboratorios Ciudadanos sobre participaci\u00f3n digital 2021 son espacios para la co- creaci\u00f3n, reflexi\u00f3n e investigaci\u00f3n de un estudio de caso acerca de las pr\u00e1cticas digitales que se vienen desarrollando en las comunas y corregimientos de Medell\u00edn por parte de los diferentes actores, colectivos y grupos comunitarios.","og_url":"https:\/\/siciudadania.co\/index.php\/participacion-digital\/","article_modified_time":"2021-12-07T01:57:27+00:00","og_image":[{"url":"https:\/\/siciudadania.co\/wp-content\/uploads\/2021\/09\/1Laboratorios-ciudadanos.png"}],"twitter_card":"summary_large_image","twitter_misc":{"Tiempo de lectura":"1 minuto"},"schema":{"@context":"https:\/\/schema.org","@graph":[{"@type":"WebPage","@id":"https:\/\/siciudadania.co\/index.php\/participacion-digital\/","url":"https:\/\/siciudadania.co\/index.php\/participacion-digital\/","name":"Participaci\u00f3n digital -","isPartOf":{"@id":"https:\/\/siciudadania.co\/#website"},"datePublished":"2021-12-06T20:27:22+00:00","dateModified":"2021-12-07T01:57:27+00:00","breadcrumb":{"@id":"https:\/\/siciudadania.co\/index.php\/participacion-digital\/#breadcrumb"},"inLanguage":"es","potentialAction":[{"@type":"ReadAction","target":["https:\/\/siciudadania.co\/index.php\/participacion-digital\/"]}]},{"@type":"BreadcrumbList","@id":"https:\/\/siciudadania.co\/index.php\/participacion-digital\/#breadcrumb","itemListElement":[{"@type":"ListItem","position":1,"name":"Portada","item":"https:\/\/siciudadania.co\/"},{"@type":"ListItem","position":2,"name":"Participaci\u00f3n digital"}]},{"@type":"WebSite","@id":"https:\/\/siciudadania.co\/#website","url":"https:\/\/siciudadania.co\/","name":"","description":"","potentialAction":[{"@type":"SearchAction","target":{"@type":"EntryPoint","urlTemplate":"https:\/\/siciudadania.co\/?s={search_term_string}"},"query-input":"required name=search_term_string"}],"inLanguage":"es"}]}},"_links":{"self":[{"href":"https:\/\/siciudadania.co\/index.php\/wp-json\/wp\/v2\/pages\/2644","targetHints":{"allow":["GET"]}}],"collection":[{"href":"https:\/\/siciudadania.co\/index.php\/wp-json\/wp\/v2\/pages"}],"about":[{"href":"https:\/\/siciudadania.co\/index.php\/wp-json\/wp\/v2\/types\/page"}],"author":[{"embeddable":true,"href":"https:\/\/siciudadania.co\/index.php\/wp-json\/wp\/v2\/users\/1"}],"replies":[{"embeddable":true,"href":"https:\/\/siciudadania.co\/index.php\/wp-json\/wp\/v2\/comments?post=2644"}],"version-history":[{"count":4,"href":"https:\/\/siciudadania.co\/index.php\/wp-json\/wp\/v2\/pages\/2644\/revisions"}],"predecessor-version":[{"id":2698,"href":"https:\/\/siciudadania.co\/index.php\/wp-json\/wp\/v2\/pages\/2644\/revisions\/2698"}],"wp:attachment":[{"href":"https:\/\/siciudadania.co\/index.php\/wp-json\/wp\/v2\/media?parent=2644"}],"curies":[{"name":"wp","href":"https:\/\/api.w.org\/{rel}","templated":true}]}}