{"id":1191,"date":"2020-12-17T20:27:34","date_gmt":"2020-12-17T20:27:34","guid":{"rendered":"https:\/\/testudearroba.udea.edu.co\/siciudadania2\/?page_id=1191"},"modified":"2023-11-18T22:12:49","modified_gmt":"2023-11-18T22:12:49","slug":"sdpc","status":"publish","type":"page","link":"https:\/\/siciudadania.co\/sdpc\/","title":{"rendered":"SDPC"},"content":{"rendered":"<h3><strong><span style=\"color: #339966;\">\u00bfQu\u00e9 es el Sistema Distrital de Participaci\u00f3n Ciudadana &#8211; SDPC?<\/span><\/strong><\/h3>\n<p>El Sistema Distrital de Participaci\u00f3n Ciudadana de Medell\u00edn es definido como un dispositivo de articulaci\u00f3n de instancias, actores, espacios, recursos, instrumentos, procesos y acciones que atiendan, transformen o den respuesta a los problemas y agendas p\u00fablicas y necesidades ciudadanas en clave de promoci\u00f3n, protecci\u00f3n y fortalecimiento de la participaci\u00f3n ciudadana.<\/p>\n<p>Se concibe como una plataforma de deliberaci\u00f3n p\u00fablica para la construcci\u00f3n de acuerdos y soluciones democr\u00e1ticas a problemas y agendas de escala de ciudad.<\/p>\n<h3><strong><span style=\"color: #339966;\">Estructura del SDPC<\/span><\/strong><\/h3>\n\n<div class=\"wp-block-image\">\n<figure class=\"aligncenter size-large\"><img fetchpriority=\"high\" decoding=\"async\" width=\"1024\" height=\"576\" src=\"https:\/\/siciudadania.co\/wp-content\/uploads\/2023\/11\/SDPC-1024x576.jpg\" alt=\"\" class=\"wp-image-5571\" srcset=\"https:\/\/siciudadania.co\/wp-content\/uploads\/2023\/11\/SDPC-1024x576.jpg 1024w, https:\/\/siciudadania.co\/wp-content\/uploads\/2023\/11\/SDPC-300x169.jpg 300w, https:\/\/siciudadania.co\/wp-content\/uploads\/2023\/11\/SDPC-768x432.jpg 768w, https:\/\/siciudadania.co\/wp-content\/uploads\/2023\/11\/SDPC.jpg 1280w\" sizes=\"(max-width: 1024px) 100vw, 1024px\" \/><\/figure><\/div>\n\n<h3><strong><span style=\"color: #339966;\">\u00bfAlcance del Sistema Municipal de Participaci\u00f3n Ciudadana -SMPC?<br \/><\/span><\/strong><\/h3>\n<p>Inicia con la activaci\u00f3n del sistema por medio de la identificaci\u00f3n de un problema o asunto de inter\u00e9s p\u00fablico, para su abordaje a trav\u00e9s de la articulaci\u00f3n y la deliberaci\u00f3n en dos subsistemas independientes y uno de convergencia. Finaliza con la cocreaci\u00f3n de soluciones democr\u00e1ticas entre los actores individuales y colectivos y la administraci\u00f3n municipal que atiendan, transformen o den respuesta a los problemas p\u00fablicos, agendas p\u00fablicas, necesidades ciudadanas y dem\u00e1s procesos que requieran de la activaci\u00f3n del Sistema. <\/p>\n\n<div class=\"wp-block-image\">\n<figure class=\"aligncenter size-large\"><img decoding=\"async\" width=\"1024\" height=\"576\" src=\"https:\/\/siciudadania.co\/wp-content\/uploads\/2023\/11\/SDPC1-1024x576.jpg\" alt=\"\" class=\"wp-image-5572\" srcset=\"https:\/\/siciudadania.co\/wp-content\/uploads\/2023\/11\/SDPC1-1024x576.jpg 1024w, https:\/\/siciudadania.co\/wp-content\/uploads\/2023\/11\/SDPC1-300x169.jpg 300w, https:\/\/siciudadania.co\/wp-content\/uploads\/2023\/11\/SDPC1-768x432.jpg 768w, https:\/\/siciudadania.co\/wp-content\/uploads\/2023\/11\/SDPC1.jpg 1280w\" sizes=\"(max-width: 1024px) 100vw, 1024px\" \/><\/figure><\/div>\n\n<h3><strong><span style=\"color: #339966;\">Caracter\u00edsticas de las salidas<br \/><\/span><\/strong><\/h3>\n<p>Son la finalidad de todos los procesos que se dan al interior del SMPC.<\/p>\n<p>Las salidas corresponden a un acuerdo, consenso o soluci\u00f3n construida\u00a0 en el Subsistema Gobernanza (o excepcionalmente en alguno de los otros dos Subsistemas) que se generan para atender la entrada.<\/p>\n<p>Estas tienen 5 elementos: <br \/>&#8211; el an\u00e1lisis del diagn\u00f3stico del problema;<br \/>&#8211; el acuerdo, consenso o soluci\u00f3n propuesta para la entrada;<br \/>&#8211; la viabilidad de esta;<br \/>&#8211; los responsables y corresponsables de la implementaci\u00f3n;<br \/>&#8211; los tiempos estimados o proyectados para el cumplimiento<\/p>\n<p>Estos acuerdos, consensos o soluciones se convierten en objeto de evaluaci\u00f3n y monitoreo por parte del Sistema de Informaci\u00f3n y Gesti\u00f3n del Conocimiento SIGC-PC y de control social. As\u00ed mismo, deber\u00e1n ingresar para su an\u00e1lisis y viabilizaci\u00f3n al Sistema Distrital de Planeaci\u00f3n.<\/p>\n\n\n<div class=\"wp-block-buttons is-content-justification-center is-layout-flex wp-container-core-buttons-is-layout-16018d1d wp-block-buttons-is-layout-flex\">\n<div class=\"wp-block-button is-style-outline is-style-outline--1\"><a class=\"wp-block-button__link has-text-align-center wp-element-button\" href=\"https:\/\/siciudadania.co\/wp-content\/uploads\/2023\/11\/VF_DocumentoTecnicoSDPC.pdf\" target=\"_blank\" rel=\"noreferrer noopener\">Documento t\u00e9cnico SDPC<\/a><\/div>\n<\/div>\n\n\n<div class=\"pt-cv-wrapper\"><div class=\"pt-cv-view pt-cv-grid pt-cv-colsys\" id=\"pt-cv-view-81bdbdb81x\"><div data-id=\"pt-cv-page-1\" class=\"pt-cv-page\" data-cvc=\"1\"><div class=\"col-md-12 col-sm-6 col-xs-12 pt-cv-content-item pt-cv-2-col\" ><div class='pt-cv-ifield'><a href=\"https:\/\/siciudadania.co\/%Slug%\/\" class=\"_self pt-cv-href-thumbnail pt-cv-thumb-left\" target=\"_self\" ><img decoding=\"async\" width=\"300\" height=\"169\" src=\"https:\/\/siciudadania.co\/wp-content\/uploads\/2019\/06\/SDPC2-300x169.jpg\" class=\"pt-cv-thumbnail pull-left\" alt=\"SDPC\" srcset=\"https:\/\/siciudadania.co\/wp-content\/uploads\/2019\/06\/SDPC2-300x169.jpg 300w, https:\/\/siciudadania.co\/wp-content\/uploads\/2019\/06\/SDPC2-1024x576.jpg 1024w, https:\/\/siciudadania.co\/wp-content\/uploads\/2019\/06\/SDPC2-768x432.jpg 768w, https:\/\/siciudadania.co\/wp-content\/uploads\/2019\/06\/SDPC2.jpg 1280w\" sizes=\"(max-width: 300px) 100vw, 300px\" \/><\/a>\n<h4 class=\"pt-cv-title\"><a href=\"https:\/\/siciudadania.co\/%Slug%\/\" class=\"_self\" target=\"_self\" >El SDPC<\/a><\/h4>\n<div class=\"pt-cv-content\">Conoce a continuaci\u00f3n los principios del Sistema, c\u00f3mo se activa, qu\u00e9 lo caracteriza, c\u00f3mo est\u00e1 compuesto, qu\u00e9 produce, propuestas, entre ...<br \/><div class=\"pt-cv-rmwrap\"><a href=\"https:\/\/siciudadania.co\/%Slug%\/\" class=\"_self pt-cv-readmore btn btn-success\" target=\"_self\">Leer M\u00e1s<\/a><\/div><\/div><\/div><\/div>\n<div class=\"col-md-12 col-sm-6 col-xs-12 pt-cv-content-item pt-cv-2-col\" ><div class='pt-cv-ifield'><a href=\"https:\/\/siciudadania.co\/%Slug%\/\" class=\"_self pt-cv-href-thumbnail pt-cv-thumb-left\" target=\"_self\" ><\/a>\n<h4 class=\"pt-cv-title\"><a href=\"https:\/\/siciudadania.co\/%Slug%\/\" class=\"_self\" target=\"_self\" >Seminarios<\/a><\/h4>\n<div class=\"pt-cv-content\">La Secretar\u00eda de Participaci\u00f3n Ciudadana contin\u00faa con su objetivo de cualificar la participaci\u00f3n en Medell\u00edn, poniendo en marcha el Seminario ...<br \/><div class=\"pt-cv-rmwrap\"><a href=\"https:\/\/siciudadania.co\/%Slug%\/\" class=\"_self pt-cv-readmore btn btn-success\" target=\"_self\">Leer M\u00e1s<\/a><\/div><\/div><\/div><\/div><\/div><\/div><\/div>\n\n\n\n<p><\/p>\n","protected":false},"excerpt":{"rendered":"<p>\u00bfQu\u00e9 es el Sistema Distrital de Participaci\u00f3n Ciudadana &#8211; SDPC? El Sistema Distrital de Participaci\u00f3n Ciudadana de Medell\u00edn es definido como un dispositivo de articulaci\u00f3n de instancias, actores, espacios, recursos, instrumentos, procesos y acciones que atiendan, transformen o den respuesta a los problemas y agendas p\u00fablicas y necesidades ciudadanas en clave de promoci\u00f3n, protecci\u00f3n y &hellip; <\/p>\n","protected":false},"author":1,"featured_media":0,"parent":0,"menu_order":0,"comment_status":"closed","ping_status":"closed","template":"","meta":{"_mc_calendar":[],"footnotes":""},"class_list":["post-1191","page","type-page","status-publish","hentry"],"yoast_head":"<!-- This site is optimized with the Yoast SEO plugin v21.5 - https:\/\/yoast.com\/wordpress\/plugins\/seo\/ -->\n<title>SDPC -<\/title>\n<meta name=\"robots\" content=\"index, follow, max-snippet:-1, max-image-preview:large, max-video-preview:-1\" \/>\n<link rel=\"canonical\" href=\"https:\/\/siciudadania.co\/sdpc\/\" \/>\n<meta property=\"og:locale\" content=\"es_ES\" \/>\n<meta property=\"og:type\" content=\"article\" \/>\n<meta property=\"og:title\" content=\"SDPC -\" \/>\n<meta property=\"og:description\" content=\"\u00bfQu\u00e9 es el Sistema Distrital de Participaci\u00f3n Ciudadana &#8211; SDPC? El Sistema Distrital de Participaci\u00f3n Ciudadana de Medell\u00edn es definido como un dispositivo de articulaci\u00f3n de instancias, actores, espacios, recursos, instrumentos, procesos y acciones que atiendan, transformen o den respuesta a los problemas y agendas p\u00fablicas y necesidades ciudadanas en clave de promoci\u00f3n, protecci\u00f3n y &hellip;\" \/>\n<meta property=\"og:url\" content=\"https:\/\/siciudadania.co\/sdpc\/\" \/>\n<meta property=\"article:modified_time\" content=\"2023-11-18T22:12:49+00:00\" \/>\n<meta property=\"og:image\" content=\"https:\/\/siciudadania.co\/wp-content\/uploads\/2023\/11\/SDPC-1024x576.jpg\" \/>\n<meta name=\"twitter:card\" content=\"summary_large_image\" \/>\n<meta name=\"twitter:label1\" content=\"Tiempo de lectura\" \/>\n\t<meta name=\"twitter:data1\" content=\"2 minutos\" \/>\n<script type=\"application\/ld+json\" class=\"yoast-schema-graph\">{\"@context\":\"https:\/\/schema.org\",\"@graph\":[{\"@type\":\"WebPage\",\"@id\":\"https:\/\/siciudadania.co\/sdpc\/\",\"url\":\"https:\/\/siciudadania.co\/sdpc\/\",\"name\":\"SDPC -\",\"isPartOf\":{\"@id\":\"https:\/\/siciudadania.co\/#website\"},\"datePublished\":\"2020-12-17T20:27:34+00:00\",\"dateModified\":\"2023-11-18T22:12:49+00:00\",\"breadcrumb\":{\"@id\":\"https:\/\/siciudadania.co\/sdpc\/#breadcrumb\"},\"inLanguage\":\"es\",\"potentialAction\":[{\"@type\":\"ReadAction\",\"target\":[\"https:\/\/siciudadania.co\/sdpc\/\"]}]},{\"@type\":\"BreadcrumbList\",\"@id\":\"https:\/\/siciudadania.co\/sdpc\/#breadcrumb\",\"itemListElement\":[{\"@type\":\"ListItem\",\"position\":1,\"name\":\"Portada\",\"item\":\"https:\/\/siciudadania.co\/\"},{\"@type\":\"ListItem\",\"position\":2,\"name\":\"SDPC\"}]},{\"@type\":\"WebSite\",\"@id\":\"https:\/\/siciudadania.co\/#website\",\"url\":\"https:\/\/siciudadania.co\/\",\"name\":\"\",\"description\":\"\",\"potentialAction\":[{\"@type\":\"SearchAction\",\"target\":{\"@type\":\"EntryPoint\",\"urlTemplate\":\"https:\/\/siciudadania.co\/?s={search_term_string}\"},\"query-input\":\"required name=search_term_string\"}],\"inLanguage\":\"es\"}]}<\/script>\n<!-- \/ Yoast SEO plugin. -->","yoast_head_json":{"title":"SDPC -","robots":{"index":"index","follow":"follow","max-snippet":"max-snippet:-1","max-image-preview":"max-image-preview:large","max-video-preview":"max-video-preview:-1"},"canonical":"https:\/\/siciudadania.co\/sdpc\/","og_locale":"es_ES","og_type":"article","og_title":"SDPC -","og_description":"\u00bfQu\u00e9 es el Sistema Distrital de Participaci\u00f3n Ciudadana &#8211; SDPC? El Sistema Distrital de Participaci\u00f3n Ciudadana de Medell\u00edn es definido como un dispositivo de articulaci\u00f3n de instancias, actores, espacios, recursos, instrumentos, procesos y acciones que atiendan, transformen o den respuesta a los problemas y agendas p\u00fablicas y necesidades ciudadanas en clave de promoci\u00f3n, protecci\u00f3n y &hellip;","og_url":"https:\/\/siciudadania.co\/sdpc\/","article_modified_time":"2023-11-18T22:12:49+00:00","og_image":[{"url":"https:\/\/siciudadania.co\/wp-content\/uploads\/2023\/11\/SDPC-1024x576.jpg"}],"twitter_card":"summary_large_image","twitter_misc":{"Tiempo de lectura":"2 minutos"},"schema":{"@context":"https:\/\/schema.org","@graph":[{"@type":"WebPage","@id":"https:\/\/siciudadania.co\/sdpc\/","url":"https:\/\/siciudadania.co\/sdpc\/","name":"SDPC -","isPartOf":{"@id":"https:\/\/siciudadania.co\/#website"},"datePublished":"2020-12-17T20:27:34+00:00","dateModified":"2023-11-18T22:12:49+00:00","breadcrumb":{"@id":"https:\/\/siciudadania.co\/sdpc\/#breadcrumb"},"inLanguage":"es","potentialAction":[{"@type":"ReadAction","target":["https:\/\/siciudadania.co\/sdpc\/"]}]},{"@type":"BreadcrumbList","@id":"https:\/\/siciudadania.co\/sdpc\/#breadcrumb","itemListElement":[{"@type":"ListItem","position":1,"name":"Portada","item":"https:\/\/siciudadania.co\/"},{"@type":"ListItem","position":2,"name":"SDPC"}]},{"@type":"WebSite","@id":"https:\/\/siciudadania.co\/#website","url":"https:\/\/siciudadania.co\/","name":"","description":"","potentialAction":[{"@type":"SearchAction","target":{"@type":"EntryPoint","urlTemplate":"https:\/\/siciudadania.co\/?s={search_term_string}"},"query-input":"required name=search_term_string"}],"inLanguage":"es"}]}},"_links":{"self":[{"href":"https:\/\/siciudadania.co\/wp-json\/wp\/v2\/pages\/1191","targetHints":{"allow":["GET"]}}],"collection":[{"href":"https:\/\/siciudadania.co\/wp-json\/wp\/v2\/pages"}],"about":[{"href":"https:\/\/siciudadania.co\/wp-json\/wp\/v2\/types\/page"}],"author":[{"embeddable":true,"href":"https:\/\/siciudadania.co\/wp-json\/wp\/v2\/users\/1"}],"replies":[{"embeddable":true,"href":"https:\/\/siciudadania.co\/wp-json\/wp\/v2\/comments?post=1191"}],"version-history":[{"count":10,"href":"https:\/\/siciudadania.co\/wp-json\/wp\/v2\/pages\/1191\/revisions"}],"predecessor-version":[{"id":5577,"href":"https:\/\/siciudadania.co\/wp-json\/wp\/v2\/pages\/1191\/revisions\/5577"}],"wp:attachment":[{"href":"https:\/\/siciudadania.co\/wp-json\/wp\/v2\/media?parent=1191"}],"curies":[{"name":"wp","href":"https:\/\/api.w.org\/{rel}","templated":true}]}}